{"id":535,"date":"2018-02-16T14:52:06","date_gmt":"2018-02-16T14:52:06","guid":{"rendered":"https:\/\/demo-content.kaliumtheme.com\/hotel\/?page_id=535"},"modified":"2024-11-28T16:25:17","modified_gmt":"2024-11-28T16:25:17","slug":"history","status":"publish","type":"page","link":"https:\/\/sesrotes.com\/es\/history\/","title":{"rendered":"Historia"},"content":{"rendered":"<div class=\"wpb-content-wrapper\"><div class=\"vc-row-container vc-row-container--stretch-content-no-spaces\"><div data-vc-full-width=\"true\" data-vc-full-width-temp=\"true\" data-vc-full-width-init=\"false\" data-vc-stretch-content=\"true\" class=\"vc_row wpb_row vc_row-fluid vc_custom_1610029747600 vc_row-no-padding vc_row-o-equal-height vc_row-o-content-middle vc_row-flex\"><div class=\"wpb_column vc_column_container vc_col-sm-3 vc_hidden-md vc_hidden-sm vc_hidden-xs\"><div class=\"vc_column-inner\"><div class=\"wpb_wrapper\">\n\t<div  class=\"wpb_single_image wpb_content_element vc_align_left wpb_content_element\">\n\t\t\n\t\t<figure class=\"wpb_wrapper vc_figure\">\n\t\t\t<div class=\"vc_single_image-wrapper   vc_box_border_grey\"><img loading=\"lazy\" decoding=\"async\" width=\"504\" height=\"946\" src=\"https:\/\/sesrotes.com\/wp-content\/uploads\/2021\/01\/ses-rotes-palm-half-left.jpg\" class=\"vc_single_image-img attachment-full\" alt=\"\" title=\"ses rotes palm half left\" srcset=\"https:\/\/sesrotes.com\/wp-content\/uploads\/2021\/01\/ses-rotes-palm-half-left.jpg 504w, https:\/\/sesrotes.com\/wp-content\/uploads\/2021\/01\/ses-rotes-palm-half-left-250x469.jpg 250w, https:\/\/sesrotes.com\/wp-content\/uploads\/2021\/01\/ses-rotes-palm-half-left-160x300.jpg 160w\" sizes=\"auto, (max-width: 504px) 100vw, 504px\" \/><\/div>\n\t\t<\/figure>\n\t<\/div>\n<\/div><\/div><\/div><div class=\"wpb_column vc_column_container vc_col-sm-6 vc_hidden-md vc_hidden-sm vc_hidden-xs\"><div class=\"vc_column-inner\"><div class=\"wpb_wrapper\"><h1 style=\"text-align: center\" class=\"vc_custom_heading vc_do_custom_heading h1-title\" >Historia<\/h1>\n\t<div class=\"wpb_text_column wpb_content_element post-formatting\" >\n\t\t<div class=\"wpb_wrapper\">\n\t\t\t<p style=\"text-align: center;\"><img loading=\"lazy\" decoding=\"async\" class=\"title-divider wp-image-1276 aligncenter\" src=\"http:\/\/sesrotes.com\/wp-content\/uploads\/2018\/03\/divider2.png\" alt=\"\" width=\"250\" height=\"22\" srcset=\"https:\/\/sesrotes.com\/wp-content\/uploads\/2018\/03\/divider2.png 432w, https:\/\/sesrotes.com\/wp-content\/uploads\/2018\/03\/divider2-250x22.png 250w, https:\/\/sesrotes.com\/wp-content\/uploads\/2018\/03\/divider2-300x26.png 300w\" sizes=\"auto, (max-width: 250px) 100vw, 250px\" \/><\/p>\n\n\t\t<\/div>\n\t<\/div>\n\n\t<div class=\"wpb_text_column wpb_content_element vc_custom_1610029781598 post-formatting\" >\n\t\t<div class=\"wpb_wrapper\">\n\t\t\t<p style=\"text-align: center;\">Ses Rotes era originalmente la casa m\u00e1s peque\u00f1a de la finca de Canet. Se extiende a lo largo del valle de Esporles y tiene m\u00e1s de 200 a\u00f1os de antig\u00fcedad. La fertilidad de las tierras que rodean Ses Rotes se utilizaba como huertos para que los habitantes de Esporles cultivaran sus propias verduras. Desde mediados del siglo XX, con un amplio programa de cr\u00eda de caballos espa\u00f1oles, siempre ha habido m\u00e1s caballos que personas disfrutando de la tierra y viviendo en Ses Rotes.<\/p>\n<p style=\"text-align: center;\">A finales de los a\u00f1os 60, la finca Ses Rotes cobr\u00f3 vida como lugar de celebraci\u00f3n de fiestas los viernes y s\u00e1bados por la noche. Con un enorme restaurante, una discoteca y una pista de equitaci\u00f3n, era el entorno perfecto para disfrutar de una t\u00edpica \u201cFiesta Andaluza\u201d en el campo. Por la noche, se pod\u00edan ver hasta 500 personas, una mezcla de lugare\u00f1os y turistas, disfrutando del espect\u00e1culo ecuestre, deleit\u00e1ndose con carne cocinada en el asado y bailando hasta altas horas de la madrugada. A medida que el turismo en Mallorca evolucion\u00f3, tambi\u00e9n lo hizo Ses Rotes. Los caballos se mantuvieron, pero las fiestas se volvieron m\u00e1s privadas y se conoci\u00f3 como uno de los mejores lugares de la isla para grandes celebraciones.<\/p>\n\n\t\t<\/div>\n\t<\/div>\n<\/div><\/div><\/div><div class=\"wpb_column vc_column_container vc_col-sm-3 vc_hidden-md vc_hidden-sm vc_hidden-xs\"><div class=\"vc_column-inner\"><div class=\"wpb_wrapper\">\n\t<div  class=\"wpb_single_image wpb_content_element vc_align_right wpb_content_element\">\n\t\t\n\t\t<figure class=\"wpb_wrapper vc_figure\">\n\t\t\t<div class=\"vc_single_image-wrapper   vc_box_border_grey\"><img loading=\"lazy\" decoding=\"async\" width=\"504\" height=\"946\" src=\"https:\/\/sesrotes.com\/wp-content\/uploads\/2021\/01\/ses-rotes-palm-half.jpg\" class=\"vc_single_image-img attachment-full\" alt=\"\" title=\"ses rotes palm half\" srcset=\"https:\/\/sesrotes.com\/wp-content\/uploads\/2021\/01\/ses-rotes-palm-half.jpg 504w, https:\/\/sesrotes.com\/wp-content\/uploads\/2021\/01\/ses-rotes-palm-half-250x469.jpg 250w, https:\/\/sesrotes.com\/wp-content\/uploads\/2021\/01\/ses-rotes-palm-half-160x300.jpg 160w\" sizes=\"auto, (max-width: 504px) 100vw, 504px\" \/><\/div>\n\t\t<\/figure>\n\t<\/div>\n<\/div><\/div><\/div><\/div><div class=\"vc_row-full-width vc_clearfix\"><\/div><\/div><div class=\"vc-row-container container\"><div class=\"vc_row wpb_row vc_row-fluid vc_custom_1620046810742\"><div class=\"wpb_column vc_column_container vc_col-sm-12 vc_hidden-lg\"><div class=\"vc_column-inner\"><div class=\"wpb_wrapper\"><h1 style=\"text-align: center\" class=\"vc_custom_heading vc_do_custom_heading h1-title\" >Historia<\/h1>\n\t<div class=\"wpb_text_column wpb_content_element post-formatting\" >\n\t\t<div class=\"wpb_wrapper\">\n\t\t\t<p style=\"text-align: center;\"><img loading=\"lazy\" decoding=\"async\" class=\"title-divider wp-image-1276 aligncenter\" src=\"http:\/\/sesrotes.com\/wp-content\/uploads\/2018\/03\/divider2.png\" alt=\"\" width=\"250\" height=\"22\" srcset=\"https:\/\/sesrotes.com\/wp-content\/uploads\/2018\/03\/divider2.png 432w, https:\/\/sesrotes.com\/wp-content\/uploads\/2018\/03\/divider2-250x22.png 250w, https:\/\/sesrotes.com\/wp-content\/uploads\/2018\/03\/divider2-300x26.png 300w\" sizes=\"auto, (max-width: 250px) 100vw, 250px\" \/><\/p>\n\n\t\t<\/div>\n\t<\/div>\n\n\t<div class=\"wpb_text_column wpb_content_element vc_custom_1610029781598 post-formatting\" >\n\t\t<div class=\"wpb_wrapper\">\n\t\t\t<p style=\"text-align: center;\">Ses Rotes era originalmente la casa m\u00e1s peque\u00f1a de la finca de Canet. Se extiende a lo largo del valle de Esporles y tiene m\u00e1s de 200 a\u00f1os de antig\u00fcedad. La fertilidad de las tierras que rodean Ses Rotes se utilizaba como huertos para que los habitantes de Esporles cultivaran sus propias verduras. Desde mediados del siglo XX, con un amplio programa de cr\u00eda de caballos espa\u00f1oles, siempre ha habido m\u00e1s caballos que personas disfrutando de la tierra y viviendo en Ses Rotes.<\/p>\n<p style=\"text-align: center;\">A finales de los a\u00f1os 60, la finca Ses Rotes cobr\u00f3 vida como lugar de celebraci\u00f3n de fiestas los viernes y s\u00e1bados por la noche. Con un enorme restaurante, una discoteca y una pista de equitaci\u00f3n, era el entorno perfecto para disfrutar de una t\u00edpica \u201cFiesta Andaluza\u201d en el campo. Por la noche, se pod\u00edan ver hasta 500 personas, una mezcla de lugare\u00f1os y turistas, disfrutando del espect\u00e1culo ecuestre, deleit\u00e1ndose con carne cocinada en el asado y bailando hasta altas horas de la madrugada. A medida que el turismo en Mallorca evolucion\u00f3, tambi\u00e9n lo hizo Ses Rotes. Los caballos se mantuvieron, pero las fiestas se volvieron m\u00e1s privadas y se conoci\u00f3 como uno de los mejores lugares de la isla para grandes celebraciones.<\/p>\n\n\t\t<\/div>\n\t<\/div>\n<\/div><\/div><\/div><\/div><\/div><div class=\"vc-row-container container\"><div class=\"vc_row wpb_row vc_row-fluid vc_column-gap-10\"><div class=\"wpb_column vc_column_container vc_col-sm-4\"><div class=\"vc_column-inner\"><div class=\"wpb_wrapper\">\n\t<div  class=\"wpb_single_image wpb_content_element vc_align_center wpb_content_element\">\n\t\t\n\t\t<figure class=\"wpb_wrapper vc_figure\">\n\t\t\t<div class=\"vc_single_image-wrapper   vc_box_border_grey\"><img loading=\"lazy\" decoding=\"async\" width=\"640\" height=\"443\" src=\"https:\/\/sesrotes.com\/wp-content\/uploads\/2021\/01\/Postcard-Ses-Rotes-bbq.png\" class=\"vc_single_image-img attachment-full\" alt=\"\" title=\"Postcard Ses Rotes bbq\" srcset=\"https:\/\/sesrotes.com\/wp-content\/uploads\/2021\/01\/Postcard-Ses-Rotes-bbq.png 640w, https:\/\/sesrotes.com\/wp-content\/uploads\/2021\/01\/Postcard-Ses-Rotes-bbq-600x415.png 600w, https:\/\/sesrotes.com\/wp-content\/uploads\/2021\/01\/Postcard-Ses-Rotes-bbq-300x208.png 300w, https:\/\/sesrotes.com\/wp-content\/uploads\/2021\/01\/Postcard-Ses-Rotes-bbq-558x386.png 558w\" sizes=\"auto, (max-width: 640px) 100vw, 640px\" \/><\/div>\n\t\t<\/figure>\n\t<\/div>\n<\/div><\/div><\/div><div class=\"wpb_column vc_column_container vc_col-sm-4\"><div class=\"vc_column-inner\"><div class=\"wpb_wrapper\">\n\t<div  class=\"wpb_single_image wpb_content_element vc_align_center wpb_content_element\">\n\t\t\n\t\t<figure class=\"wpb_wrapper vc_figure\">\n\t\t\t<div class=\"vc_single_image-wrapper   vc_box_border_grey\"><img loading=\"lazy\" decoding=\"async\" width=\"640\" height=\"443\" src=\"https:\/\/sesrotes.com\/wp-content\/uploads\/2021\/01\/Postcard-Ses-Rotes-front.png\" class=\"vc_single_image-img attachment-full\" alt=\"\" title=\"Postcard Ses Rotes front\" srcset=\"https:\/\/sesrotes.com\/wp-content\/uploads\/2021\/01\/Postcard-Ses-Rotes-front.png 640w, https:\/\/sesrotes.com\/wp-content\/uploads\/2021\/01\/Postcard-Ses-Rotes-front-600x415.png 600w, https:\/\/sesrotes.com\/wp-content\/uploads\/2021\/01\/Postcard-Ses-Rotes-front-300x208.png 300w, https:\/\/sesrotes.com\/wp-content\/uploads\/2021\/01\/Postcard-Ses-Rotes-front-558x386.png 558w\" sizes=\"auto, (max-width: 640px) 100vw, 640px\" \/><\/div>\n\t\t<\/figure>\n\t<\/div>\n<\/div><\/div><\/div><div class=\"wpb_column vc_column_container vc_col-sm-4\"><div class=\"vc_column-inner\"><div class=\"wpb_wrapper\">\n\t<div  class=\"wpb_single_image wpb_content_element vc_align_center wpb_content_element\">\n\t\t\n\t\t<figure class=\"wpb_wrapper vc_figure\">\n\t\t\t<div class=\"vc_single_image-wrapper   vc_box_border_grey\"><img loading=\"lazy\" decoding=\"async\" width=\"640\" height=\"443\" src=\"https:\/\/sesrotes.com\/wp-content\/uploads\/2021\/01\/Postcard-Ses-Rotes-restaurant.png\" class=\"vc_single_image-img attachment-full\" alt=\"\" title=\"Postcard Ses Rotes restaurant\" srcset=\"https:\/\/sesrotes.com\/wp-content\/uploads\/2021\/01\/Postcard-Ses-Rotes-restaurant.png 640w, https:\/\/sesrotes.com\/wp-content\/uploads\/2021\/01\/Postcard-Ses-Rotes-restaurant-600x415.png 600w, https:\/\/sesrotes.com\/wp-content\/uploads\/2021\/01\/Postcard-Ses-Rotes-restaurant-300x208.png 300w, https:\/\/sesrotes.com\/wp-content\/uploads\/2021\/01\/Postcard-Ses-Rotes-restaurant-558x386.png 558w\" sizes=\"auto, (max-width: 640px) 100vw, 640px\" \/><\/div>\n\t\t<\/figure>\n\t<\/div>\n<\/div><\/div><\/div><\/div><\/div><div class=\"vc-row-container container\"><div class=\"vc_row wpb_row vc_row-fluid vc_column-gap-25\"><div class=\"wpb_column vc_column_container vc_col-sm-3 vc_col-has-fill\"><div class=\"vc_column-inner vc_custom_1608118276822\"><div class=\"wpb_wrapper\"><h3 style=\"text-align: center\" class=\"vc_custom_heading vc_do_custom_heading\" ><a href=\"https:\/\/sesrotes.com\/es\/wine\/\" title=\"Vinos\">Vinos<\/a><\/h3><p style=\"color: #ccab56;text-align: center\" class=\"vc_custom_heading vc_do_custom_heading sub-heading\" >Ses Rotes<\/p><\/div><\/div><\/div><div class=\"wpb_column vc_column_container vc_col-sm-3 vc_col-has-fill\"><div class=\"vc_column-inner vc_custom_1608118475450\"><div class=\"wpb_wrapper\"><h3 style=\"text-align: center\" class=\"vc_custom_heading vc_do_custom_heading\" ><a href=\"https:\/\/sesrotes.com\/es\/horses\/\" title=\"Caballos\">Caballos<\/a><\/h3><p style=\"color: #ccab56;text-align: center\" class=\"vc_custom_heading vc_do_custom_heading sub-heading\" >Ses Rotes<\/p><\/div><\/div><\/div><div class=\"wpb_column vc_column_container vc_col-sm-3 vc_col-has-fill\"><div class=\"vc_column-inner vc_custom_1608118482672\"><div class=\"wpb_wrapper\"><h3 style=\"text-align: center\" class=\"vc_custom_heading vc_do_custom_heading\" ><a href=\"https:\/\/sesrotes.com\/es\/membership\/\" title=\"Membership\">Membership<\/a><\/h3><p style=\"color: #ccab56;text-align: center\" class=\"vc_custom_heading vc_do_custom_heading sub-heading\" >Ses Rotes<\/p><\/div><\/div><\/div><div class=\"wpb_column vc_column_container vc_col-sm-3 vc_col-has-fill\"><div class=\"vc_column-inner vc_custom_1608118489636\"><div class=\"wpb_wrapper\"><h3 style=\"text-align: center\" class=\"vc_custom_heading vc_do_custom_heading\" ><a href=\"https:\/\/sesrotes.com\/es\/contact\/#newsletter\" title=\"Contacto\">Noticias<\/a><\/h3><p style=\"color: #ccab56;text-align: center\" class=\"vc_custom_heading vc_do_custom_heading sub-heading\" >Ses Rotes<\/p><\/div><\/div><\/div><\/div><\/div><div class=\"vc-row-container container\"><\/div>\n<\/div>","protected":false},"excerpt":{"rendered":"History Ses Rotes was originally the smaller house on the Canet Estate. Extending along the Esporles valley, it dates back over 200 years. The fertile soil of the land around Ses Rotes was used as allotments for the inhabitants of Esporles to grow their own vegetables. Since the mid 1900\u2019s, with an extensive breeding program&hellip;","protected":false},"author":1,"featured_media":0,"parent":0,"menu_order":0,"comment_status":"closed","ping_status":"closed","template":"","meta":{"_acf_changed":false,"footnotes":""},"class_list":["post-535","page","type-page","status-publish","hentry"],"acf":[],"yoast_head":"<!-- This site is optimized with the Yoast SEO plugin v25.5 - https:\/\/yoast.com\/wordpress\/plugins\/seo\/ -->\n<title>Our History | Ses Rotes Horses &amp; Wine<\/title>\n<meta name=\"robots\" content=\"index, follow, max-snippet:-1, max-image-preview:large, max-video-preview:-1\" \/>\n<link rel=\"canonical\" href=\"https:\/\/sesrotes.com\/es\/history\/\" \/>\n<meta property=\"og:locale\" content=\"es_ES\" \/>\n<meta property=\"og:type\" content=\"article\" \/>\n<meta property=\"og:title\" content=\"Our History | Ses Rotes Horses &amp; Wine\" \/>\n<meta property=\"og:url\" content=\"https:\/\/sesrotes.com\/es\/history\/\" \/>\n<meta property=\"og:site_name\" content=\"Ses Rotes\" \/>\n<meta property=\"article:publisher\" content=\"https:\/\/www.facebook.com\/fincasesrotes\/\" \/>\n<meta property=\"article:modified_time\" content=\"2024-11-28T16:25:17+00:00\" \/>\n<meta property=\"og:image\" content=\"http:\/\/sesrotes.com\/wp-content\/uploads\/2018\/03\/divider2.png\" \/>\n<meta name=\"twitter:card\" content=\"summary_large_image\" \/>\n<meta name=\"twitter:label1\" content=\"Tiempo de lectura\" \/>\n\t<meta name=\"twitter:data1\" content=\"5 minutos\" \/>\n<script type=\"application\/ld+json\" class=\"yoast-schema-graph\">{\"@context\":\"https:\/\/schema.org\",\"@graph\":[{\"@type\":\"WebPage\",\"@id\":\"https:\/\/sesrotes.com\/history\/\",\"url\":\"https:\/\/sesrotes.com\/history\/\",\"name\":\"Our History | Ses Rotes Horses & Wine\",\"isPartOf\":{\"@id\":\"https:\/\/sesrotes.com\/#website\"},\"primaryImageOfPage\":{\"@id\":\"https:\/\/sesrotes.com\/history\/#primaryimage\"},\"image\":{\"@id\":\"https:\/\/sesrotes.com\/history\/#primaryimage\"},\"thumbnailUrl\":\"http:\/\/sesrotes.com\/wp-content\/uploads\/2018\/03\/divider2.png\",\"datePublished\":\"2018-02-16T14:52:06+00:00\",\"dateModified\":\"2024-11-28T16:25:17+00:00\",\"breadcrumb\":{\"@id\":\"https:\/\/sesrotes.com\/history\/#breadcrumb\"},\"inLanguage\":\"es\",\"potentialAction\":[{\"@type\":\"ReadAction\",\"target\":[\"https:\/\/sesrotes.com\/history\/\"]}]},{\"@type\":\"ImageObject\",\"inLanguage\":\"es\",\"@id\":\"https:\/\/sesrotes.com\/history\/#primaryimage\",\"url\":\"http:\/\/sesrotes.com\/wp-content\/uploads\/2018\/03\/divider2.png\",\"contentUrl\":\"http:\/\/sesrotes.com\/wp-content\/uploads\/2018\/03\/divider2.png\"},{\"@type\":\"BreadcrumbList\",\"@id\":\"https:\/\/sesrotes.com\/history\/#breadcrumb\",\"itemListElement\":[{\"@type\":\"ListItem\",\"position\":1,\"name\":\"Home\",\"item\":\"https:\/\/sesrotes.com\/\"},{\"@type\":\"ListItem\",\"position\":2,\"name\":\"History\"}]},{\"@type\":\"WebSite\",\"@id\":\"https:\/\/sesrotes.com\/#website\",\"url\":\"https:\/\/sesrotes.com\/\",\"name\":\"Ses Rotes\",\"description\":\"Horses &amp; Wine\",\"publisher\":{\"@id\":\"https:\/\/sesrotes.com\/#organization\"},\"potentialAction\":[{\"@type\":\"SearchAction\",\"target\":{\"@type\":\"EntryPoint\",\"urlTemplate\":\"https:\/\/sesrotes.com\/?s={search_term_string}\"},\"query-input\":{\"@type\":\"PropertyValueSpecification\",\"valueRequired\":true,\"valueName\":\"search_term_string\"}}],\"inLanguage\":\"es\"},{\"@type\":\"Organization\",\"@id\":\"https:\/\/sesrotes.com\/#organization\",\"name\":\"Ses Rotes\",\"url\":\"https:\/\/sesrotes.com\/\",\"logo\":{\"@type\":\"ImageObject\",\"inLanguage\":\"es\",\"@id\":\"https:\/\/sesrotes.com\/#\/schema\/logo\/image\/\",\"url\":\"http:\/\/sesrotes.com\/wp-content\/uploads\/2020\/12\/Logo-SES-ROTES-3.1.png\",\"contentUrl\":\"http:\/\/sesrotes.com\/wp-content\/uploads\/2020\/12\/Logo-SES-ROTES-3.1.png\",\"width\":1856,\"height\":778,\"caption\":\"Ses Rotes\"},\"image\":{\"@id\":\"https:\/\/sesrotes.com\/#\/schema\/logo\/image\/\"},\"sameAs\":[\"https:\/\/www.facebook.com\/fincasesrotes\/\",\"https:\/\/www.instagram.com\/ses_rotes\/\"]}]}<\/script>\n<!-- \/ Yoast SEO plugin. -->","yoast_head_json":{"title":"Our History | Ses Rotes Horses & Wine","robots":{"index":"index","follow":"follow","max-snippet":"max-snippet:-1","max-image-preview":"max-image-preview:large","max-video-preview":"max-video-preview:-1"},"canonical":"https:\/\/sesrotes.com\/es\/history\/","og_locale":"es_ES","og_type":"article","og_title":"Our History | Ses Rotes Horses & Wine","og_url":"https:\/\/sesrotes.com\/es\/history\/","og_site_name":"Ses Rotes","article_publisher":"https:\/\/www.facebook.com\/fincasesrotes\/","article_modified_time":"2024-11-28T16:25:17+00:00","og_image":[{"url":"http:\/\/sesrotes.com\/wp-content\/uploads\/2018\/03\/divider2.png","type":"","width":"","height":""}],"twitter_card":"summary_large_image","twitter_misc":{"Tiempo de lectura":"5 minutos"},"schema":{"@context":"https:\/\/schema.org","@graph":[{"@type":"WebPage","@id":"https:\/\/sesrotes.com\/history\/","url":"https:\/\/sesrotes.com\/history\/","name":"Our History | Ses Rotes Horses & Wine","isPartOf":{"@id":"https:\/\/sesrotes.com\/#website"},"primaryImageOfPage":{"@id":"https:\/\/sesrotes.com\/history\/#primaryimage"},"image":{"@id":"https:\/\/sesrotes.com\/history\/#primaryimage"},"thumbnailUrl":"http:\/\/sesrotes.com\/wp-content\/uploads\/2018\/03\/divider2.png","datePublished":"2018-02-16T14:52:06+00:00","dateModified":"2024-11-28T16:25:17+00:00","breadcrumb":{"@id":"https:\/\/sesrotes.com\/history\/#breadcrumb"},"inLanguage":"es","potentialAction":[{"@type":"ReadAction","target":["https:\/\/sesrotes.com\/history\/"]}]},{"@type":"ImageObject","inLanguage":"es","@id":"https:\/\/sesrotes.com\/history\/#primaryimage","url":"http:\/\/sesrotes.com\/wp-content\/uploads\/2018\/03\/divider2.png","contentUrl":"http:\/\/sesrotes.com\/wp-content\/uploads\/2018\/03\/divider2.png"},{"@type":"BreadcrumbList","@id":"https:\/\/sesrotes.com\/history\/#breadcrumb","itemListElement":[{"@type":"ListItem","position":1,"name":"Home","item":"https:\/\/sesrotes.com\/"},{"@type":"ListItem","position":2,"name":"History"}]},{"@type":"WebSite","@id":"https:\/\/sesrotes.com\/#website","url":"https:\/\/sesrotes.com\/","name":"Ses Rotes","description":"Horses &amp; Wine","publisher":{"@id":"https:\/\/sesrotes.com\/#organization"},"potentialAction":[{"@type":"SearchAction","target":{"@type":"EntryPoint","urlTemplate":"https:\/\/sesrotes.com\/?s={search_term_string}"},"query-input":{"@type":"PropertyValueSpecification","valueRequired":true,"valueName":"search_term_string"}}],"inLanguage":"es"},{"@type":"Organization","@id":"https:\/\/sesrotes.com\/#organization","name":"Ses Rotes","url":"https:\/\/sesrotes.com\/","logo":{"@type":"ImageObject","inLanguage":"es","@id":"https:\/\/sesrotes.com\/#\/schema\/logo\/image\/","url":"http:\/\/sesrotes.com\/wp-content\/uploads\/2020\/12\/Logo-SES-ROTES-3.1.png","contentUrl":"http:\/\/sesrotes.com\/wp-content\/uploads\/2020\/12\/Logo-SES-ROTES-3.1.png","width":1856,"height":778,"caption":"Ses Rotes"},"image":{"@id":"https:\/\/sesrotes.com\/#\/schema\/logo\/image\/"},"sameAs":["https:\/\/www.facebook.com\/fincasesrotes\/","https:\/\/www.instagram.com\/ses_rotes\/"]}]}},"_links":{"self":[{"href":"https:\/\/sesrotes.com\/es\/wp-json\/wp\/v2\/pages\/535","targetHints":{"allow":["GET"]}}],"collection":[{"href":"https:\/\/sesrotes.com\/es\/wp-json\/wp\/v2\/pages"}],"about":[{"href":"https:\/\/sesrotes.com\/es\/wp-json\/wp\/v2\/types\/page"}],"author":[{"embeddable":true,"href":"https:\/\/sesrotes.com\/es\/wp-json\/wp\/v2\/users\/1"}],"replies":[{"embeddable":true,"href":"https:\/\/sesrotes.com\/es\/wp-json\/wp\/v2\/comments?post=535"}],"version-history":[{"count":0,"href":"https:\/\/sesrotes.com\/es\/wp-json\/wp\/v2\/pages\/535\/revisions"}],"wp:attachment":[{"href":"https:\/\/sesrotes.com\/es\/wp-json\/wp\/v2\/media?parent=535"}],"curies":[{"name":"wp","href":"https:\/\/api.w.org\/{rel}","templated":true}]}}